{"id":43,"date":"2026-01-14T14:36:01","date_gmt":"2026-01-14T14:36:01","guid":{"rendered":"https:\/\/kvisthamra.se\/?page_id=43"},"modified":"2026-01-28T11:45:51","modified_gmt":"2026-01-28T11:45:51","slug":"services","status":"publish","type":"page","link":"https:\/\/kvisthamra.se\/en\/services\/","title":{"rendered":"Services"},"content":{"rendered":"<div class=\"wp-block-uagb-container uagb-block-398cb9f6 alignfull uagb-is-root-container\"><div class=\"uagb-container-inner-blocks-wrap\">\n<div class=\"wp-block-uagb-advanced-heading uagb-block-f3ca99db\"><p class=\"uagb-desc-text\">Services provided<\/p><h1 class=\"uagb-heading-text\">Explore what Nordbyte offers<\/h1><\/div>\n<\/div><\/div>\n\n\n\n<div class=\"wp-block-uagb-container uagb-layout-grid uagb-block-fa1435f9 alignfull uagb-is-root-container\"><div class=\"uagb-container-inner-blocks-wrap\">\n<div class=\"wp-block-uagb-image uagb-block-e6668d8b wp-block-uagb-image--layout-default wp-block-uagb-image--effect-static wp-block-uagb-image--align-none\"><figure class=\"wp-block-uagb-image__figure\"><img loading=\"lazy\" decoding=\"async\" srcset=\"https:\/\/kvisthamra.se\/wp-content\/uploads\/2026\/01\/pexels-photo-791763.jpeg ,https:\/\/kvisthamra.se\/wp-content\/uploads\/2026\/01\/pexels-photo-791763.jpeg 780w, https:\/\/kvisthamra.se\/wp-content\/uploads\/2026\/01\/pexels-photo-791763.jpeg 360w\" sizes=\"auto, (max-width: 480px) 150px\" src=\"https:\/\/kvisthamra.se\/wp-content\/uploads\/2026\/01\/pexels-photo-791763.jpeg\" alt=\"A powerful black and white image of a man deadlifting in a gym, showcasing strength and fitness.\" class=\"uag-image-336\" width=\"570\" height=\"450\" title=\"services-01\" role=\"img\"\/><\/figure><\/div>\n\n\n\n<div class=\"wp-block-uagb-info-box uagb-block-22c66185 uagb-infobox__content-wrap  uagb-infobox-icon-above-title uagb-infobox-image-valign-top\"><div class=\"uagb-ifb-content\"><div class=\"uagb-ifb-title-wrap\"><h2 class=\"uagb-ifb-title-prefix\">01.<\/h2><h3 class=\"uagb-ifb-title\">Community of Interests<\/h3><\/div><p class=\"uagb-ifb-desc\">Nordbyte offers a platform where members can explore and share their interests. Through posts and discussions, you connect with other people who love the same things you do, creating a strong community of shared passions.<\/p><\/div><\/div>\n<\/div><\/div>\n\n\n\n<div class=\"wp-block-uagb-container uagb-layout-grid uagb-block-9b2ca079 alignfull uagb-is-root-container\"><div class=\"uagb-container-inner-blocks-wrap\">\n<div class=\"wp-block-uagb-info-box uagb-block-cbb9d937 uagb-infobox__content-wrap  uagb-infobox-icon-above-title uagb-infobox-image-valign-top\"><div class=\"uagb-ifb-content\"><div class=\"uagb-ifb-title-wrap\"><h2 class=\"uagb-ifb-title-prefix\">02.<\/h2><h3 class=\"uagb-ifb-title\">Safety and Respect<\/h3><\/div><p class=\"uagb-ifb-desc\">We prioritize safety and respect in all interactions. Through clear guidelines and active moderation, Nordbyte ensures that all members can participate in a positive and welcoming environment, where everyone can feel safe and respected.<\/p><\/div><\/div>\n\n\n\n<div class=\"wp-block-uagb-image uagb-block-7af7b4bf wp-block-uagb-image--layout-default wp-block-uagb-image--effect-static wp-block-uagb-image--align-none\"><figure class=\"wp-block-uagb-image__figure\"><img loading=\"lazy\" decoding=\"async\" srcset=\"https:\/\/kvisthamra.se\/wp-content\/uploads\/2026\/01\/pexels-photo-7915278.jpeg ,https:\/\/kvisthamra.se\/wp-content\/uploads\/2026\/01\/pexels-photo-7915278.jpeg 780w, https:\/\/kvisthamra.se\/wp-content\/uploads\/2026\/01\/pexels-photo-7915278.jpeg 360w\" sizes=\"auto, (max-width: 480px) 150px\" src=\"https:\/\/kvisthamra.se\/wp-content\/uploads\/2026\/01\/pexels-photo-7915278.jpeg\" alt=\"Adult men engaged in competitive video gaming at a modern arcade setting.\" class=\"uag-image-337\" width=\"570\" height=\"450\" title=\"services-02\" role=\"img\"\/><\/figure><\/div>\n<\/div><\/div>\n\n\n\n<div class=\"wp-block-uagb-container uagb-layout-grid uagb-block-01d2b17b alignfull uagb-is-root-container\"><div class=\"uagb-container-inner-blocks-wrap\">\n<div class=\"wp-block-uagb-image uagb-block-7628e631 wp-block-uagb-image--layout-default wp-block-uagb-image--effect-static wp-block-uagb-image--align-none\"><figure class=\"wp-block-uagb-image__figure\"><img loading=\"lazy\" decoding=\"async\" srcset=\"https:\/\/kvisthamra.se\/wp-content\/uploads\/2026\/01\/pexels-photo-196652.jpeg ,https:\/\/kvisthamra.se\/wp-content\/uploads\/2026\/01\/pexels-photo-196652.jpeg 780w, https:\/\/kvisthamra.se\/wp-content\/uploads\/2026\/01\/pexels-photo-196652.jpeg 360w\" sizes=\"auto, (max-width: 480px) 150px\" src=\"https:\/\/kvisthamra.se\/wp-content\/uploads\/2026\/01\/pexels-photo-196652.jpeg\" alt=\"Energetic concert scene with a vibrant audience and band performing under bright lights.\" class=\"uag-image-338\" width=\"570\" height=\"450\" title=\"services-03\" role=\"img\"\/><\/figure><\/div>\n\n\n\n<div class=\"wp-block-uagb-info-box uagb-block-97b889c1 uagb-infobox__content-wrap  uagb-infobox-icon-above-title uagb-infobox-image-valign-top\"><div class=\"uagb-ifb-content\"><div class=\"uagb-ifb-title-wrap\"><h2 class=\"uagb-ifb-title-prefix\">03.<\/h2><h3 class=\"uagb-ifb-title\">Fun Events<\/h3><\/div><p class=\"uagb-ifb-desc\">Nordbyte regularly organizes online events that enable social interaction and networking. These activities foster friendships and give members the opportunity to engage in their area of \u200b\u200binterest in a fun and creative way.<\/p><\/div><\/div>\n<\/div><\/div>\n\n\n\n<div class=\"wp-block-uagb-container uagb-layout-grid uagb-block-c2a58bf8 alignfull uagb-is-root-container\"><div class=\"uagb-container-inner-blocks-wrap\">\n<div class=\"wp-block-uagb-info-box uagb-block-fafce59f uagb-infobox__content-wrap  uagb-infobox-icon-above-title uagb-infobox-image-valign-top\"><div class=\"uagb-ifb-content\"><div class=\"uagb-ifb-title-wrap\"><h2 class=\"uagb-ifb-title-prefix\">04.<\/h2><h3 class=\"uagb-ifb-title\">Support and Help<\/h3><\/div><p class=\"uagb-ifb-desc\">Our support team is available to help members with any questions or problems. We strive to create a supportive atmosphere where everyone can get the help they need to make the most of their time on Nordbyte.<\/p><\/div><\/div>\n\n\n\n<div class=\"wp-block-uagb-image uagb-block-166f80e7 wp-block-uagb-image--layout-default wp-block-uagb-image--effect-static wp-block-uagb-image--align-none\"><figure class=\"wp-block-uagb-image__figure\"><img loading=\"lazy\" decoding=\"async\" srcset=\"https:\/\/kvisthamra.se\/wp-content\/uploads\/2026\/01\/pexels-photo-791763.jpeg ,https:\/\/kvisthamra.se\/wp-content\/uploads\/2026\/01\/pexels-photo-791763.jpeg 780w, https:\/\/kvisthamra.se\/wp-content\/uploads\/2026\/01\/pexels-photo-791763.jpeg 360w\" sizes=\"auto, (max-width: 480px) 150px\" src=\"https:\/\/kvisthamra.se\/wp-content\/uploads\/2026\/01\/pexels-photo-791763.jpeg\" alt=\"A powerful black and white image of a man deadlifting in a gym, showcasing strength and fitness.\" class=\"uag-image-336\" width=\"570\" height=\"450\" title=\"services-04\" role=\"img\"\/><\/figure><\/div>\n<\/div><\/div>\n\n\n\n<div class=\"wp-block-uagb-container uagb-block-589dc7bc alignfull uagb-is-root-container\"><div class=\"uagb-container-inner-blocks-wrap\">\n<div class=\"wp-block-uagb-advanced-heading uagb-block-047dddc0\"><p class=\"uagb-desc-text\">This is how we work<\/p><h2 class=\"uagb-heading-text\">Our process for a safe community<\/h2><\/div>\n\n\n\n<div class=\"wp-block-uagb-container uagb-block-a7112b30\">\n<div class=\"wp-block-uagb-container uagb-block-fd4dfe74\">\n<div class=\"wp-block-uagb-info-box uagb-block-67ae5678 uagb-infobox__content-wrap  uagb-infobox-icon-above-title uagb-infobox-image-valign-top\"><div class=\"uagb-ifb-content\"><div class=\"uagb-ifb-title-wrap\"><span class=\"uagb-ifb-title-prefix\">STEP-01<\/span><h3 class=\"uagb-ifb-title\">Simple Registration<\/h3><\/div><p class=\"uagb-ifb-desc\">Become a member in minutes and start exploring.<\/p><\/div><\/div>\n<\/div>\n\n\n\n<div class=\"wp-block-uagb-container uagb-block-adfe2a50\">\n<div class=\"wp-block-uagb-info-box uagb-block-93f710a6 uagb-infobox__content-wrap  uagb-infobox-icon-above-title uagb-infobox-image-valign-top\"><div class=\"uagb-ifb-content\"><div class=\"uagb-ifb-title-wrap\"><span class=\"uagb-ifb-title-prefix\">STEP-02<\/span><h3 class=\"uagb-ifb-title\">Engaging Content<\/h3><\/div><p class=\"uagb-ifb-desc\">Share posts, participate in discussions and gather around common interests.<\/p><\/div><\/div>\n<\/div>\n\n\n\n<div class=\"wp-block-uagb-container uagb-block-a3fffeef\">\n<div class=\"wp-block-uagb-info-box uagb-block-84c030e1 uagb-infobox__content-wrap  uagb-infobox-icon-above-title uagb-infobox-image-valign-top\"><div class=\"uagb-ifb-content\"><div class=\"uagb-ifb-title-wrap\"><span class=\"uagb-ifb-title-prefix\">STEP-03<\/span><h3 class=\"uagb-ifb-title\">Active Moderation<\/h3><\/div><p class=\"uagb-ifb-desc\">We ensure a safe platform through active support and moderation.<\/p><\/div><\/div>\n<\/div>\n<\/div>\n<\/div><\/div>\n\n\n\n<div class=\"wp-block-uagb-container uagb-block-82f7e11c alignfull uagb-is-root-container\"><div class=\"uagb-container-inner-blocks-wrap\">\n<div class=\"wp-block-uagb-info-box uagb-block-29a068cf uagb-infobox__content-wrap  uagb-infobox-icon-above-title uagb-infobox-image-valign-top\"><div class=\"uagb-ifb-content\"><div class=\"uagb-ifb-title-wrap\"><span class=\"uagb-ifb-title-prefix\">Make a difference<\/span><h2 class=\"uagb-ifb-title\">Become a part of something bigger today!<\/h2><\/div><p class=\"uagb-ifb-desc\">Join Nordbyte and discover a new world of community and support where your interests really matter.<\/p><div class=\"uagb-ifb-button-wrapper wp-block-button\"><a href=\"\/en\/contact\/\" class=\"uagb-infobox-cta-link wp-block-button__link\" target=\"_self\" rel=\"noopener noreferrer\" onclick=\"return true;\"><span class=\"uagb-inline-editing\">Join Now<\/span><\/a><\/div><\/div><\/div>\n<\/div><\/div>","protected":false},"excerpt":{"rendered":"<p>V\u00e5ra Tj\u00e4nster Utforska vad Nordbyte erbjuder S\u00e5 h\u00e4r fungerar vi V\u00e5r process f\u00f6r en s\u00e4ker gemenskap<\/p>","protected":false},"author":1,"featured_media":0,"parent":0,"menu_order":0,"comment_status":"closed","ping_status":"closed","template":"","meta":{"_uag_custom_page_level_css":"","site-sidebar-layout":"default","site-content-layout":"","ast-site-content-layout":"default","site-content-style":"default","site-sidebar-style":"default","ast-global-header-display":"","ast-banner-title-visibility":"","ast-main-header-display":"","ast-hfb-above-header-display":"","ast-hfb-below-header-display":"","ast-hfb-mobile-header-display":"","site-post-title":"disabled","ast-breadcrumbs-content":"","ast-featured-img":"","footer-sml-layout":"","ast-disable-related-posts":"","theme-transparent-header-meta":"","adv-header-id-meta":"","stick-header-meta":"","header-above-stick-meta":"","header-main-stick-meta":"","header-below-stick-meta":"","astra-migrate-meta-layouts":"default","ast-page-background-enabled":"default","ast-page-background-meta":{"desktop":{"background-color":"var(--ast-global-color-4)","background-image":"","background-repeat":"repeat","background-position":"center center","background-size":"auto","background-attachment":"scroll","background-type":"","background-media":"","overlay-type":"","overlay-color":"","overlay-opacity":"","overlay-gradient":""},"tablet":{"background-color":"","background-image":"","background-repeat":"repeat","background-position":"center center","background-size":"auto","background-attachment":"scroll","background-type":"","background-media":"","overlay-type":"","overlay-color":"","overlay-opacity":"","overlay-gradient":""},"mobile":{"background-color":"","background-image":"","background-repeat":"repeat","background-position":"center center","background-size":"auto","background-attachment":"scroll","background-type":"","background-media":"","overlay-type":"","overlay-color":"","overlay-opacity":"","overlay-gradient":""}},"ast-content-background-meta":{"desktop":{"background-color":"var(--ast-global-color-5)","background-image":"","background-repeat":"repeat","background-position":"center center","background-size":"auto","background-attachment":"scroll","background-type":"","background-media":"","overlay-type":"","overlay-color":"","overlay-opacity":"","overlay-gradient":""},"tablet":{"background-color":"var(--ast-global-color-5)","background-image":"","background-repeat":"repeat","background-position":"center center","background-size":"auto","background-attachment":"scroll","background-type":"","background-media":"","overlay-type":"","overlay-color":"","overlay-opacity":"","overlay-gradient":""},"mobile":{"background-color":"var(--ast-global-color-5)","background-image":"","background-repeat":"repeat","background-position":"center center","background-size":"auto","background-attachment":"scroll","background-type":"","background-media":"","overlay-type":"","overlay-color":"","overlay-opacity":"","overlay-gradient":""}},"footnotes":""},"class_list":["post-43","page","type-page","status-publish","hentry"],"uagb_featured_image_src":{"full":false,"thumbnail":false,"medium":false,"medium_large":false,"large":false,"1536x1536":false,"2048x2048":false,"trp-custom-language-flag":false},"uagb_author_info":{"display_name":"admin","author_link":"https:\/\/kvisthamra.se\/en\/author\/lukas\/"},"uagb_comment_info":0,"uagb_excerpt":"V\u00e5ra Tj\u00e4nster Utforska vad Nordbyte erbjuder S\u00e5 h\u00e4r fungerar vi V\u00e5r process f\u00f6r en s\u00e4ker gemenskap","jetpack_sharing_enabled":true,"_links":{"self":[{"href":"https:\/\/kvisthamra.se\/en\/wp-json\/wp\/v2\/pages\/43","targetHints":{"allow":["GET"]}}],"collection":[{"href":"https:\/\/kvisthamra.se\/en\/wp-json\/wp\/v2\/pages"}],"about":[{"href":"https:\/\/kvisthamra.se\/en\/wp-json\/wp\/v2\/types\/page"}],"author":[{"embeddable":true,"href":"https:\/\/kvisthamra.se\/en\/wp-json\/wp\/v2\/users\/1"}],"replies":[{"embeddable":true,"href":"https:\/\/kvisthamra.se\/en\/wp-json\/wp\/v2\/comments?post=43"}],"version-history":[{"count":5,"href":"https:\/\/kvisthamra.se\/en\/wp-json\/wp\/v2\/pages\/43\/revisions"}],"predecessor-version":[{"id":653,"href":"https:\/\/kvisthamra.se\/en\/wp-json\/wp\/v2\/pages\/43\/revisions\/653"}],"wp:attachment":[{"href":"https:\/\/kvisthamra.se\/en\/wp-json\/wp\/v2\/media?parent=43"}],"curies":[{"name":"wp","href":"https:\/\/api.w.org\/{rel}","templated":true}]}}